{"id":3353,"date":"2026-04-13T09:55:08","date_gmt":"2026-04-13T07:55:08","guid":{"rendered":"https:\/\/www.olgdachsen.ch\/?page_id=3353"},"modified":"2026-04-13T12:24:20","modified_gmt":"2026-04-13T10:24:20","slug":"ol-schnuppern-einfuehrungskurs","status":"publish","type":"page","link":"https:\/\/www.olgdachsen.ch\/?page_id=3353","title":{"rendered":"OL schnuppern &#8211; Einf\u00fchrungskurs"},"content":{"rendered":"<p>Einf\u00fchrungskurs f\u00fcr die ganze Familie &#8211; 2. Mai 2026 \/ Flyer: <a href=\"https:\/\/www.olgdachsen.ch\/wp-content\/uploads\/2026\/04\/Einfuehrungskurs-OL-1.pdf\">Einf\u00fchrungskurs OL<\/a><br \/>\nM\u00f6gt ihr als Familie (Kinder ab 9 Jahren) die Natur, bewegt euch gern und m\u00f6chtet dabei auch euren Kopf fordern?<br \/>\nDann seid ihr bei uns genau richtig.<br \/>\nWir zeigen euch, wie ihr im urbanen Gel\u00e4nde und in den W\u00e4ldern mit Karte und Kompass zurechtkommt und den Weg zu den Posten problemlos findet.<br \/>\nOrientierungslauf ist ein idealer Sport f\u00fcr die ganze Familie. Ihr lernt neue Orte und W\u00e4lder kennen, ihr seid in der Natur und sammelt viele neue Erlebnisse. Ihr lernt neue Leute kennen und tut etwas Gutes f\u00fcr eure Gesundheit.<br \/>\nAlle Familienmitglieder k\u00f6nnen an einem OL Anlass auf ihrem Niveau in der entsprechenden Alterskategorie laufen. Auch gemeinsam als Familie ist es m\u00f6glich, eine Bahn zu absolvieren.<br \/>\nFalls euch das interessiert, seid ihr bei unserem Einf\u00fchrungskurs genaurichtig.<br \/>\nBesammlung:<br \/>\n9:30 Uhr Primarschulhaus Uhwiesen<br \/>\nProgramm:<br \/>\nMorgen Karteneinf\u00fchrung rund ums Schulhaus und im Dorf<br \/>\n-Mittagessen auf dem H\u00f6rnli (wir machen ein Feuer)<br \/>\n-Nachmittag erste Kontakte und \u00dcbungen auf der Waldkarte<br \/>\nMitnehmen, Ausr\u00fcstung: sportliche, lange Kleidungn(Unterholz, Dornen und Zeckenschutz), gute Turnschuhe, Mittagessen und Getr\u00e4nk, Kompass (falls vorhanden)<br \/>\nVersicherung ist Sache der Teilnehmenden<br \/>\nEnde: ca. 16:00 Uhr auf dem H\u00f6rnli<br \/>\nAnmeldung bis zum 26. April und Auskunft: Karin Kehrli,<br \/>\nkarin.kehrli@gmx.net oder 079 748 26 30, OLG Dachsen<\/p>\n","protected":false},"excerpt":{"rendered":"<p>Einf\u00fchrungskurs f\u00fcr die ganze Familie &#8211; 2. Mai 2026 \/ Flyer: Einf\u00fchrungskurs OL M\u00f6gt ihr als Familie (Kinder ab 9 Jahren) die Natur, bewegt euch gern und m\u00f6chtet dabei auch euren Kopf fordern? Dann seid ihr bei uns genau richtig.&hellip;<\/p>\n<p class=\"more-link-p\"><a class=\"more-link\" href=\"https:\/\/www.olgdachsen.ch\/?page_id=3353\">Read more &rarr;<\/a><\/p>\n","protected":false},"author":1,"featured_media":0,"parent":0,"menu_order":0,"comment_status":"closed","ping_status":"closed","template":"","meta":{"_lmt_disableupdate":"no","_lmt_disable":"","footnotes":""},"class_list":["post-3353","page","type-page","status-publish","hentry"],"_links":{"self":[{"href":"https:\/\/www.olgdachsen.ch\/index.php?rest_route=\/wp\/v2\/pages\/3353","targetHints":{"allow":["GET"]}}],"collection":[{"href":"https:\/\/www.olgdachsen.ch\/index.php?rest_route=\/wp\/v2\/pages"}],"about":[{"href":"https:\/\/www.olgdachsen.ch\/index.php?rest_route=\/wp\/v2\/types\/page"}],"author":[{"embeddable":true,"href":"https:\/\/www.olgdachsen.ch\/index.php?rest_route=\/wp\/v2\/users\/1"}],"replies":[{"embeddable":true,"href":"https:\/\/www.olgdachsen.ch\/index.php?rest_route=%2Fwp%2Fv2%2Fcomments&post=3353"}],"version-history":[{"count":2,"href":"https:\/\/www.olgdachsen.ch\/index.php?rest_route=\/wp\/v2\/pages\/3353\/revisions"}],"predecessor-version":[{"id":3366,"href":"https:\/\/www.olgdachsen.ch\/index.php?rest_route=\/wp\/v2\/pages\/3353\/revisions\/3366"}],"wp:attachment":[{"href":"https:\/\/www.olgdachsen.ch\/index.php?rest_route=%2Fwp%2Fv2%2Fmedia&parent=3353"}],"curies":[{"name":"wp","href":"https:\/\/api.w.org\/{rel}","templated":true}]}}